{"id":143,"date":"2019-05-18T23:22:04","date_gmt":"2019-05-18T21:22:04","guid":{"rendered":"http:\/\/www.grantsupport.pl\/?page_id=143"},"modified":"2019-06-10T22:12:36","modified_gmt":"2019-06-10T20:12:36","slug":"zarzadzanie","status":"publish","type":"page","link":"https:\/\/www.grantsupport.pl\/index.php\/zarzadzanie\/","title":{"rendered":"Zarz\u0105dzanie"},"content":{"rendered":"\t\t<div data-elementor-type=\"wp-post\" data-elementor-id=\"143\" class=\"elementor elementor-143\">\n\t\t\t\t\t\t<section class=\"elementor-section elementor-top-section elementor-element elementor-element-79e7e4b elementor-section-boxed elementor-section-height-default elementor-section-height-default\" data-id=\"79e7e4b\" data-element_type=\"section\" data-e-type=\"section\">\n\t\t\t\t\t\t<div class=\"elementor-container elementor-column-gap-default\">\n\t\t\t\t\t<div class=\"elementor-column elementor-col-100 elementor-top-column elementor-element elementor-element-2afe1ef\" data-id=\"2afe1ef\" data-element_type=\"column\" data-e-type=\"column\">\n\t\t\t<div class=\"elementor-widget-wrap elementor-element-populated\">\n\t\t\t\t\t\t<div class=\"elementor-element elementor-element-0cfb2a3 elementor-position-right animated-slow elementor-vertical-align-middle elementor-invisible elementor-widget elementor-widget-image-box\" data-id=\"0cfb2a3\" data-element_type=\"widget\" data-e-type=\"widget\" data-settings=\"{&quot;_animation&quot;:&quot;fadeIn&quot;}\" data-widget_type=\"image-box.default\">\n\t\t\t\t<div class=\"elementor-widget-container\">\n\t\t\t\t\t<div class=\"elementor-image-box-wrapper\"><figure class=\"elementor-image-box-img\"><img fetchpriority=\"high\" decoding=\"async\" width=\"450\" height=\"700\" src=\"https:\/\/www.grantsupport.pl\/wp-content\/uploads\/2019\/05\/herb_zarzadzanie.png\" class=\"attachment-full size-full wp-image-198\" alt=\"\" srcset=\"https:\/\/www.grantsupport.pl\/wp-content\/uploads\/2019\/05\/herb_zarzadzanie.png 450w, https:\/\/www.grantsupport.pl\/wp-content\/uploads\/2019\/05\/herb_zarzadzanie-193x300.png 193w\" sizes=\"(max-width: 450px) 100vw, 450px\" \/><\/figure><div class=\"elementor-image-box-content\"><h3 class=\"elementor-image-box-title\">ZARZ\u0104DZANIE<\/h3><p class=\"elementor-image-box-description\">Najwa\u017cniejsze s\u0105 zasady. To od ich stosowania uzale\u017cnione jest otrzymanie pe\u0142nej kwoty przyznanego dofinansowania. Dzielimy si\u0119 szerok\u0105 wiedz\u0105 z zakresu zasad udzielania zam\u00f3wie\u0144 w ramach projekt\u00f3w wsp\u00f3\u0142finansowanych ze \u015brodk\u00f3w publicznych, warunk\u00f3w kwalifikowalno\u015bci wydatk\u00f3w, procedur sprawnej realizacji i rozliczania projekt\u00f3w, w\u0142a\u015bciwego obiegu dokument\u00f3w i ich archiwizacji jak r\u00f3wnie\u017c kontroli projekt\u00f3w.<\/p><\/div><\/div>\t\t\t\t<\/div>\n\t\t\t\t<\/div>\n\t\t\t\t\t<\/div>\n\t\t<\/div>\n\t\t\t\t\t<\/div>\n\t\t<\/section>\n\t\t\t\t<section class=\"elementor-section elementor-top-section elementor-element elementor-element-ece9599 elementor-section-boxed elementor-section-height-default elementor-section-height-default\" data-id=\"ece9599\" data-element_type=\"section\" data-e-type=\"section\">\n\t\t\t\t\t\t<div class=\"elementor-container elementor-column-gap-default\">\n\t\t\t\t\t<div class=\"elementor-column elementor-col-100 elementor-top-column elementor-element elementor-element-48dc84e\" data-id=\"48dc84e\" data-element_type=\"column\" data-e-type=\"column\">\n\t\t\t<div class=\"elementor-widget-wrap elementor-element-populated\">\n\t\t\t\t\t\t<div class=\"elementor-element elementor-element-305e02e animated-slow elementor-invisible elementor-widget elementor-widget-text-editor\" data-id=\"305e02e\" data-element_type=\"widget\" data-e-type=\"widget\" data-settings=\"{&quot;_animation&quot;:&quot;fadeIn&quot;}\" data-widget_type=\"text-editor.default\">\n\t\t\t\t<div class=\"elementor-widget-container\">\n\t\t\t\t\t\t\t\t\t<ul><li>Wspieramy przez ca\u0142y proces pozyskiwania dofinansowania i realizacji projektu,<\/li><li>Doradzimy jak zapewni\u0107 zgodno\u015b\u0107 podejmowanych dzia\u0142a\u0144 z Wytycznymi i Umow\u0105 o dofinansowanie,<\/li><li>B\u0119dziemy czuwa\u0107 nad zgodno\u015bci\u0105 podejmowanych dzia\u0142a\u0144 z harmonogramem projektowym,<\/li><li>Przygotujemy Ci\u0119 do kontroli zewn\u0119trznych<\/li><\/ul><p>Zapraszamy do <a href=\"http:\/\/www.grantsupport.pl\/index.php\/kontakt\/\">kontaktu<\/a> z nami.<\/p>\t\t\t\t\t\t\t\t<\/div>\n\t\t\t\t<\/div>\n\t\t\t\t\t<\/div>\n\t\t<\/div>\n\t\t\t\t\t<\/div>\n\t\t<\/section>\n\t\t\t\t<\/div>\n\t\t","protected":false},"excerpt":{"rendered":"<p>ZARZ\u0104DZANIE Najwa\u017cniejsze s\u0105 zasady. To od ich stosowania uzale\u017cnione jest otrzymanie pe\u0142nej kwoty przyznanego dofinansowania. Dzielimy si\u0119 szerok\u0105 wiedz\u0105 z zakresu zasad udzielania zam\u00f3wie\u0144 w ramach projekt\u00f3w wsp\u00f3\u0142finansowanych ze \u015brodk\u00f3w publicznych, warunk\u00f3w kwalifikowalno\u015bci wydatk\u00f3w, procedur sprawnej realizacji i rozliczania projekt\u00f3w, w\u0142a\u015bciwego obiegu dokument\u00f3w i ich archiwizacji jak r\u00f3wnie\u017c kontroli projekt\u00f3w. Wspieramy przez ca\u0142y proces pozyskiwania &hellip; <\/p>\n<p class=\"link-more\"><a href=\"https:\/\/www.grantsupport.pl\/index.php\/zarzadzanie\/\" class=\"more-link\">Czytaj dalej<span class=\"screen-reader-text\"> \u201eZarz\u0105dzanie\u201d<\/span><\/a><\/p>\n","protected":false},"author":1,"featured_media":0,"parent":0,"menu_order":0,"comment_status":"closed","ping_status":"closed","template":"","meta":{"footnotes":""},"class_list":["post-143","page","type-page","status-publish","hentry"],"_links":{"self":[{"href":"https:\/\/www.grantsupport.pl\/index.php\/wp-json\/wp\/v2\/pages\/143","targetHints":{"allow":["GET"]}}],"collection":[{"href":"https:\/\/www.grantsupport.pl\/index.php\/wp-json\/wp\/v2\/pages"}],"about":[{"href":"https:\/\/www.grantsupport.pl\/index.php\/wp-json\/wp\/v2\/types\/page"}],"author":[{"embeddable":true,"href":"https:\/\/www.grantsupport.pl\/index.php\/wp-json\/wp\/v2\/users\/1"}],"replies":[{"embeddable":true,"href":"https:\/\/www.grantsupport.pl\/index.php\/wp-json\/wp\/v2\/comments?post=143"}],"version-history":[{"count":6,"href":"https:\/\/www.grantsupport.pl\/index.php\/wp-json\/wp\/v2\/pages\/143\/revisions"}],"predecessor-version":[{"id":229,"href":"https:\/\/www.grantsupport.pl\/index.php\/wp-json\/wp\/v2\/pages\/143\/revisions\/229"}],"wp:attachment":[{"href":"https:\/\/www.grantsupport.pl\/index.php\/wp-json\/wp\/v2\/media?parent=143"}],"curies":[{"name":"wp","href":"https:\/\/api.w.org\/{rel}","templated":true}]}}