{"id":147,"date":"2019-05-18T23:27:26","date_gmt":"2019-05-18T21:27:26","guid":{"rendered":"http:\/\/www.grantsupport.pl\/?page_id=147"},"modified":"2019-06-10T22:13:03","modified_gmt":"2019-06-10T20:13:03","slug":"rozliczanie","status":"publish","type":"page","link":"https:\/\/www.grantsupport.pl\/index.php\/rozliczanie\/","title":{"rendered":"Rozliczanie"},"content":{"rendered":"\t\t<div data-elementor-type=\"wp-post\" data-elementor-id=\"147\" class=\"elementor elementor-147\">\n\t\t\t\t\t\t<section class=\"elementor-section elementor-top-section elementor-element elementor-element-0e20535 elementor-section-boxed elementor-section-height-default elementor-section-height-default\" data-id=\"0e20535\" data-element_type=\"section\" data-e-type=\"section\">\n\t\t\t\t\t\t<div class=\"elementor-container elementor-column-gap-default\">\n\t\t\t\t\t<div class=\"elementor-column elementor-col-100 elementor-top-column elementor-element elementor-element-9434040\" data-id=\"9434040\" data-element_type=\"column\" data-e-type=\"column\">\n\t\t\t<div class=\"elementor-widget-wrap elementor-element-populated\">\n\t\t\t\t\t\t<div class=\"elementor-element elementor-element-f1a2652 elementor-position-right animated-slow elementor-vertical-align-middle elementor-invisible elementor-widget elementor-widget-image-box\" data-id=\"f1a2652\" data-element_type=\"widget\" data-e-type=\"widget\" data-settings=\"{&quot;_animation&quot;:&quot;fadeIn&quot;}\" data-widget_type=\"image-box.default\">\n\t\t\t\t<div class=\"elementor-widget-container\">\n\t\t\t\t\t<div class=\"elementor-image-box-wrapper\"><figure class=\"elementor-image-box-img\"><img fetchpriority=\"high\" decoding=\"async\" width=\"450\" height=\"700\" src=\"https:\/\/www.grantsupport.pl\/wp-content\/uploads\/2019\/05\/herb_rozliczanie.png\" class=\"attachment-full size-full wp-image-199\" alt=\"\" srcset=\"https:\/\/www.grantsupport.pl\/wp-content\/uploads\/2019\/05\/herb_rozliczanie.png 450w, https:\/\/www.grantsupport.pl\/wp-content\/uploads\/2019\/05\/herb_rozliczanie-193x300.png 193w\" sizes=\"(max-width: 450px) 100vw, 450px\" \/><\/figure><div class=\"elementor-image-box-content\"><h3 class=\"elementor-image-box-title\">ROZLICZANIE<\/h3><p class=\"elementor-image-box-description\">Rozliczenie stanowi zwie\u0144czenie i podsumowanie podj\u0119tych podczas realizacji projektu dzia\u0142a\u0144. Prawid\u0142owe przygotowanie dokumentacji pozwala na minimalizacj\u0119 okresu oczekiwania na \u015brodki finansowe, a w przypadku zaliczkowych form dofinansowania pozwala unikn\u0105\u0107 sankcji w postaci odsetek za niedotrzymanie obowi\u0105zuj\u0105cych termin\u00f3w.<\/p><\/div><\/div>\t\t\t\t<\/div>\n\t\t\t\t<\/div>\n\t\t\t\t\t<\/div>\n\t\t<\/div>\n\t\t\t\t\t<\/div>\n\t\t<\/section>\n\t\t\t\t<section class=\"elementor-section elementor-top-section elementor-element elementor-element-ade9e49 elementor-section-boxed elementor-section-height-default elementor-section-height-default\" data-id=\"ade9e49\" data-element_type=\"section\" data-e-type=\"section\">\n\t\t\t\t\t\t<div class=\"elementor-container elementor-column-gap-default\">\n\t\t\t\t\t<div class=\"elementor-column elementor-col-100 elementor-top-column elementor-element elementor-element-c530cbc\" data-id=\"c530cbc\" data-element_type=\"column\" data-e-type=\"column\">\n\t\t\t<div class=\"elementor-widget-wrap elementor-element-populated\">\n\t\t\t\t\t\t<div class=\"elementor-element elementor-element-c483eb0 animated-slow elementor-invisible elementor-widget elementor-widget-text-editor\" data-id=\"c483eb0\" data-element_type=\"widget\" data-e-type=\"widget\" data-settings=\"{&quot;_animation&quot;:&quot;fadeIn&quot;}\" data-widget_type=\"text-editor.default\">\n\t\t\t\t<div class=\"elementor-widget-container\">\n\t\t\t\t\t\t\t\t\t<ul><li>Rozliczymy Tw\u00f3j projekt,<\/li><li>Przygotujemy wnioski o p\u0142atno\u015b\u0107,<\/li><li>Pomo\u017cemy skompletowa\u0107 wymagane dokumenty,<\/li><li>Wspomo\u017cemy proces weryfikacji i zatwierdzania przygotowanej dokumentacji poprzez bezpo\u015brednie uzgodnienia z Instytucj\u0105 udzielaj\u0105c\u0105 dofinansowania.<\/li><\/ul><p>Zapraszamy do <a href=\"http:\/\/www.grantsupport.pl\/index.php\/kontakt\/\">kontaktu<\/a> z nami.<\/p>\t\t\t\t\t\t\t\t<\/div>\n\t\t\t\t<\/div>\n\t\t\t\t\t<\/div>\n\t\t<\/div>\n\t\t\t\t\t<\/div>\n\t\t<\/section>\n\t\t\t\t<\/div>\n\t\t","protected":false},"excerpt":{"rendered":"<p>ROZLICZANIE Rozliczenie stanowi zwie\u0144czenie i podsumowanie podj\u0119tych podczas realizacji projektu dzia\u0142a\u0144. Prawid\u0142owe przygotowanie dokumentacji pozwala na minimalizacj\u0119 okresu oczekiwania na \u015brodki finansowe, a w przypadku zaliczkowych form dofinansowania pozwala unikn\u0105\u0107 sankcji w postaci odsetek za niedotrzymanie obowi\u0105zuj\u0105cych termin\u00f3w. Rozliczymy Tw\u00f3j projekt, Przygotujemy wnioski o p\u0142atno\u015b\u0107, Pomo\u017cemy skompletowa\u0107 wymagane dokumenty, Wspomo\u017cemy proces weryfikacji i zatwierdzania przygotowanej &hellip; <\/p>\n<p class=\"link-more\"><a href=\"https:\/\/www.grantsupport.pl\/index.php\/rozliczanie\/\" class=\"more-link\">Czytaj dalej<span class=\"screen-reader-text\"> \u201eRozliczanie\u201d<\/span><\/a><\/p>\n","protected":false},"author":1,"featured_media":0,"parent":0,"menu_order":0,"comment_status":"closed","ping_status":"closed","template":"","meta":{"footnotes":""},"class_list":["post-147","page","type-page","status-publish","hentry"],"_links":{"self":[{"href":"https:\/\/www.grantsupport.pl\/index.php\/wp-json\/wp\/v2\/pages\/147","targetHints":{"allow":["GET"]}}],"collection":[{"href":"https:\/\/www.grantsupport.pl\/index.php\/wp-json\/wp\/v2\/pages"}],"about":[{"href":"https:\/\/www.grantsupport.pl\/index.php\/wp-json\/wp\/v2\/types\/page"}],"author":[{"embeddable":true,"href":"https:\/\/www.grantsupport.pl\/index.php\/wp-json\/wp\/v2\/users\/1"}],"replies":[{"embeddable":true,"href":"https:\/\/www.grantsupport.pl\/index.php\/wp-json\/wp\/v2\/comments?post=147"}],"version-history":[{"count":9,"href":"https:\/\/www.grantsupport.pl\/index.php\/wp-json\/wp\/v2\/pages\/147\/revisions"}],"predecessor-version":[{"id":230,"href":"https:\/\/www.grantsupport.pl\/index.php\/wp-json\/wp\/v2\/pages\/147\/revisions\/230"}],"wp:attachment":[{"href":"https:\/\/www.grantsupport.pl\/index.php\/wp-json\/wp\/v2\/media?parent=147"}],"curies":[{"name":"wp","href":"https:\/\/api.w.org\/{rel}","templated":true}]}}